{"id":772,"date":"2018-07-03T08:52:50","date_gmt":"2018-07-03T08:52:50","guid":{"rendered":"https:\/\/misto.ch\/?page_id=772"},"modified":"2022-08-09T18:43:58","modified_gmt":"2022-08-09T18:43:58","slug":"772-2","status":"publish","type":"page","link":"https:\/\/misto.ch\/de\/","title":{"rendered":"Startseite"},"content":{"rendered":"<section class=\"fw-main-row \"  >\n\t<div class=\"fw-container\">\n\t\t<div class=\"row\">\n\t\r\n\r\n<div class=\" col-xs-12 col-sm-6 \">\r\n    <div id=\"col_inner_id-69e1db076d62e\" class=\"fw-col-inner\" data-paddings=\"0px 0px 0px 0px\">\r\n\t\t\n<div class=\"block-title\">\n    <h3>\u00dcber <span>Mich<\/span><\/h3>\n<\/div>\n<p>Hallo! Ich bin Mirko, Professor f\u00fcr Software Engineering (Cloud, Web, Java) @ OST, Mitbegr\u00fcnder @ LegalGo &amp; LegalFly; kontaktieren Sie mich wenn ich Ihnen helfen kann!<\/p><p><a href=\"https:\/\/www.ost.ch\/de\/forschung-und-dienstleistungen\/informatik\/ifs-institut-fuer-software\/labs\/cloud-application-lab\" rel=\"noopener\" target=\"_blank\">Cloud Application Lab @ OST<\/a><\/p>\t<\/div>\r\n<\/div>\r\n\r\n\r\n<div class=\" col-xs-12 col-sm-6 \">\r\n    <div id=\"col_inner_id-69e1db076dcee\" class=\"fw-col-inner\" data-paddings=\"0px 0px 0px 0px\">\r\n\t\t<div id=\"info-list-69e1db076e119\" class=\"info-list\">\n\t\n\t<ul class=\"fw-info-list info-list\">\n\t  \t\t\t\t<li><span class=\"title\">Adresse<\/span>\n\t\t\t\t<span class=\"value\">\n\t\t\t\t\t\t\t\t\t\t\tProf. Mirko Stocker\t\t\t\t\t\t\t\t\t<\/span>\n\t\t\t<\/li>\n\t\t\t\t\t<li><span class=\"title\"><\/span>\n\t\t\t\t<span class=\"value\">\n\t\t\t\t\t\t\t\t\t\t\tSt. Gallerstrasse 60\t\t\t\t\t\t\t\t\t<\/span>\n\t\t\t<\/li>\n\t\t\t\t\t<li><span class=\"title\"><\/span>\n\t\t\t\t<span class=\"value\">\n\t\t\t\t\t\t\t\t\t\t\t9032 Engelburg\t\t\t\t\t\t\t\t\t<\/span>\n\t\t\t<\/li>\n\t\t\t\t\t<li><span class=\"title\">E-Mail<\/span>\n\t\t\t\t<span class=\"value\">\n\t\t\t\t\t\t\t\t\t\t\t<a href=\"mailto:mirko@stocker.email\" target=\"_self\">\n\t\t\t\t\t\t\tmirko@stocker.email\t\t\t\t\t\t<\/a>\n\t\t\t\t\t\t\t\t\t<\/span>\n\t\t\t<\/li>\n\t\t\t\t\t<li><span class=\"title\">Telefon<\/span>\n\t\t\t\t<span class=\"value\">\n\t\t\t\t\t\t\t\t\t\t\t<a href=\"tel:0041796548556\" target=\"_self\">\n\t\t\t\t\t\t\t+41 79 654 8556\t\t\t\t\t\t<\/a>\n\t\t\t\t\t\t\t\t\t<\/span>\n\t\t\t<\/li>\n\t\t\t\t\t<li><span class=\"title\">Verf\u00fcgbarkeit<\/span>\n\t\t\t\t<span class=\"value\">\n\t\t\t\t\t\t\t\t\t\t\tFragen Sie mich!\t\t\t\t\t\t\t\t\t<\/span>\n\t\t\t<\/li>\n\t\t\t<\/ul>\n<\/div>\n\t<\/div>\r\n<\/div>\r\n<\/div>\n\n\t<\/div>\n<\/section>\n\n","protected":false},"excerpt":{"rendered":"<p>\u00dcber Mich Hallo! Ich bin Mirko, Professor f\u00fcr Software Engineering (Cloud, Web, Java) @ OST, Mitbegr\u00fcnder @ LegalGo &amp; LegalFly; kontaktieren Sie mich wenn ich Ihnen helfen kann!Cloud Application Lab @ OST Adresse Prof. Mirko Stocker St. Gallerstrasse 60 9032 Engelburg E-Mail mirko@stocker.email Telefon +41 79 654 8556 Verf\u00fcgbarkeit Fragen Sie mich!<\/p>\n","protected":false},"author":1,"featured_media":0,"parent":0,"menu_order":0,"comment_status":"closed","ping_status":"closed","template":"page-templates\/template-aveo-start-page.php","meta":{"footnotes":""},"class_list":["post-772","page","type-page","status-publish","hentry"],"_links":{"self":[{"href":"https:\/\/misto.ch\/de\/wp-json\/wp\/v2\/pages\/772","targetHints":{"allow":["GET"]}}],"collection":[{"href":"https:\/\/misto.ch\/de\/wp-json\/wp\/v2\/pages"}],"about":[{"href":"https:\/\/misto.ch\/de\/wp-json\/wp\/v2\/types\/page"}],"author":[{"embeddable":true,"href":"https:\/\/misto.ch\/de\/wp-json\/wp\/v2\/users\/1"}],"replies":[{"embeddable":true,"href":"https:\/\/misto.ch\/de\/wp-json\/wp\/v2\/comments?post=772"}],"version-history":[{"count":9,"href":"https:\/\/misto.ch\/de\/wp-json\/wp\/v2\/pages\/772\/revisions"}],"predecessor-version":[{"id":884,"href":"https:\/\/misto.ch\/de\/wp-json\/wp\/v2\/pages\/772\/revisions\/884"}],"wp:attachment":[{"href":"https:\/\/misto.ch\/de\/wp-json\/wp\/v2\/media?parent=772"}],"curies":[{"name":"wp","href":"https:\/\/api.w.org\/{rel}","templated":true}]}}