{"id":804,"date":"2018-07-03T09:46:19","date_gmt":"2018-07-03T09:46:19","guid":{"rendered":"https:\/\/misto.ch\/?page_id=804"},"modified":"2022-08-09T18:53:27","modified_gmt":"2022-08-09T18:53:27","slug":"lebenslauf","status":"publish","type":"page","link":"https:\/\/misto.ch\/de\/lebenslauf\/","title":{"rendered":"Lebenslauf"},"content":{"rendered":"<section class=\"fw-main-row \"  >\n\t<div class=\"fw-container\">\n\t\t<div class=\"row\">\n\t\r\n\r\n<div class=\" col-xs-12 col-sm-6 \">\r\n    <div id=\"col_inner_id-69e7381666216\" class=\"fw-col-inner\" data-paddings=\"0px 0px 0px 0px\">\r\n\t\t\n\t<div class=\"block-title fw-timeline-title\">\n\t\t<h3>Erfahrung<\/h3>\n\t<\/div>\n\n<div class=\"timeline\" id=\"timeline-69e7381666437\">\n\t\t<div class=\"timeline-item\">\n\t\t<h4 class=\"item-title\">Professor f\u00fcr Software Engineering<\/h4>\n\t\t<span class=\"item-period\">Seit 2021<\/span>\n\t\t<span class=\"item-small\">OST<\/span>\n\t\t\t\t<span class=\"item-logo\"><img decoding=\"async\" src=\"\/\/misto.ch\/wp-content\/uploads\/2020\/10\/ost-logo_deutsch__png__rgb__1000px-e1604086567241.png\" alt=\"image\" \/><\/span>\n\t\t\t\t<p>Partner am Institut f\u00fcr Software, stellvertretender Studiengangleiter Informatik<\/p>\n\t<\/div>\n\t\t<div class=\"timeline-item\">\n\t\t<h4 class=\"item-title\">Dozent f\u00fcr Informatik<\/h4>\n\t\t<span class=\"item-period\">2020-2021<\/span>\n\t\t<span class=\"item-small\">OST<\/span>\n\t\t\t\t<span class=\"item-logo\"><img decoding=\"async\" src=\"\/\/misto.ch\/wp-content\/uploads\/2020\/10\/ost-logo_deutsch__png__rgb__1000px-e1604086567241.png\" alt=\"image\" \/><\/span>\n\t\t\t\t<p>Advanced Patterns and Frameworks, Objektorientierte Programmierung, Cloud-L\u00f6sungen, Web Engineering und Design<\/p>\n\t<\/div>\n\t\t<div class=\"timeline-item\">\n\t\t<h4 class=\"item-title\">Mitbegr\u00fcnder und CTO<\/h4>\n\t\t<span class=\"item-period\">2018\u20132021<\/span>\n\t\t<span class=\"item-small\">LegalFly GmbH<\/span>\n\t\t\t\t<span class=\"item-logo\"><img decoding=\"async\" src=\"\/\/misto.ch\/wp-content\/uploads\/2018\/07\/legalfly-icon-square.png\" alt=\"image\" \/><\/span>\n\t\t\t\t<p>Portal f\u00fcr Fluggastrechte<\/p>\n\t<\/div>\n\t\t<div class=\"timeline-item\">\n\t\t<h4 class=\"item-title\">Mitbegr\u00fcnder und CTO<\/h4>\n\t\t<span class=\"item-period\">2017\u2013Aktuell<\/span>\n\t\t<span class=\"item-small\">LegalGo GmbH<\/span>\n\t\t\t\t<span class=\"item-logo\"><img decoding=\"async\" src=\"\/\/misto.ch\/wp-content\/uploads\/2018\/07\/logo-square.png\" alt=\"image\" \/><\/span>\n\t\t\t\t<p>LegalGo bietet eine Plattform f\u00fcr Privatpersonen und Unternehmen, um Vertr\u00e4ge zu erstellen und Rechtsberatung zu erhalten.\r\n<\/p>\n\t<\/div>\n\t\t<div class=\"timeline-item\">\n\t\t<h4 class=\"item-title\">Dozent f\u00fcr Informatik<\/h4>\n\t\t<span class=\"item-period\">2015\u20132019<\/span>\n\t\t<span class=\"item-small\">HSR<\/span>\n\t\t\t\t<span class=\"item-logo\"><img decoding=\"async\" src=\"\/\/misto.ch\/wp-content\/uploads\/2018\/07\/HSR-Square-Bottom60@3x.png\" alt=\"image\" \/><\/span>\n\t\t\t\t<p>Mobile und GUI Engineering, Objektorientierte Programmierung, Cloud-L\u00f6sungen, Programmiersprachen und formale Methoden, Web Engineering und Design<\/p>\n\t<\/div>\n\t\t<div class=\"timeline-item\">\n\t\t<h4 class=\"item-title\">IT Berater<\/h4>\n\t\t<span class=\"item-period\">2014\u2013Aktuell<\/span>\n\t\t<span class=\"item-small\">Entwicklung und Projektberatung<\/span>\n\t\t\t\t<p>Entwicklung von Websites f\u00fcr individuelle Kunden, technische Projektberatung, Reviews und Gutachten.<\/p>\n\t<\/div>\n\t\t<div class=\"timeline-item\">\n\t\t<h4 class=\"item-title\">Produktmanager und Wissenschaftlicher Mitarbeiter<\/h4>\n\t\t<span class=\"item-period\">2010\u20132021<\/span>\n\t\t<span class=\"item-small\">Institut f\u00fcr Software der HSR<\/span>\n\t\t\t\t<span class=\"item-logo\"><img decoding=\"async\" src=\"\/\/misto.ch\/wp-content\/uploads\/2018\/07\/ifs_logo.png\" alt=\"image\" \/><\/span>\n\t\t\t\t<p>Entwicklung von Forschungs- und Industrieprojekten in C++, Java, Scala, JavaScript, Cloud IoT am Institut f\u00fcr Software, HSR Hochschule Rapperswil.<\/p>\n\t<\/div>\n\t\t<div class=\"timeline-item\">\n\t\t<h4 class=\"item-title\">Editor f\u00fcr die Ruby und Functional Queues<\/h4>\n\t\t<span class=\"item-period\">2008\u20132015<\/span>\n\t\t<span class=\"item-small\">InfoQ<\/span>\n\t\t\t\t<p>Nachrichten aus der Ruby-Community und andere Themen, die f\u00fcr Software-Praktiker von Interesse sind.<\/p>\n\t<\/div>\n\t<\/div>\n\n\t<div class=\"fw-divider-space\" style=\"padding-top: 30px;\"><\/div>\n\t<\/div>\r\n<\/div>\r\n\r\n\r\n<div class=\" col-xs-12 col-sm-6 \">\r\n    <div id=\"col_inner_id-69e7381666791\" class=\"fw-col-inner\" data-paddings=\"0px 0px 0px 0px\">\r\n\t\t\n\t<div class=\"block-title fw-timeline-title\">\n\t\t<h3>Ausbildung<\/h3>\n\t<\/div>\n\n<div class=\"timeline\" id=\"timeline-69e7381666911\">\n\t\t<div class=\"timeline-item\">\n\t\t<h4 class=\"item-title\">Master of Science in Engineering<\/h4>\n\t\t<span class=\"item-period\">2008\u20132010<\/span>\n\t\t<span class=\"item-small\">HSR<\/span>\n\t\t\t\t<p>Entwicklung einer Bibliothek zum Refactoring - Analysieren, Transformieren, Generieren - von Scala-Quellcode und Integration in die offizielle Scala-IDE f\u00fcr Eclipse.<\/p>\n\t<\/div>\n\t\t<div class=\"timeline-item\">\n\t\t<h4 class=\"item-title\">Dipl. Ing. FH in Informatik<\/h4>\n\t\t<span class=\"item-period\">2003\u20132007<\/span>\n\t\t<span class=\"item-small\">HSR<\/span>\n\t\t\t\t<p>Mitentwicklung der ersten automatisierten Refactoring-Unterst\u00fctzung f\u00fcr Ruby, integriert in die Eclipse Ruby Development Tools.<\/p>\n\t<\/div>\n\t<\/div>\n\n\t<div class=\"fw-divider-space\" style=\"padding-top: 30px;\"><\/div>\n\n<div class=\"block-title\">\n    <h3>Publikationen<span><\/span><\/h3>\n<\/div>\n<p>Besuchen Sie die Seite meiner <a href=\"https:\/\/misto.ch\/de\/publikationen\/\">Publikationen<\/a>.<\/p>\n\t<div class=\"fw-divider-space\" style=\"padding-top: 30px;\"><\/div>\n\n\t<div class=\"block-title fw-timeline-title\">\n\t\t<h3>Projekte<\/h3>\n\t<\/div>\n\n<div class=\"timeline\" id=\"timeline-69e7381666f6b\">\n\t\t<div class=\"timeline-item\">\n\t\t<h4 class=\"item-title\">Microservice API Patterns<\/h4>\n\t\t<span class=\"item-period\">2017-Aktuell<\/span>\n\t\t<span class=\"item-small\"><\/span>\n\t\t\t\t<p><a href=\"https:\/\/www.microservice-api-patterns.org\/\">www.microservice-api-patterns.org<\/a><\/p>\n\t<\/div>\n\t\t<div class=\"timeline-item\">\n\t\t<h4 class=\"item-title\">Scala IDE f\u00fcr Eclipse<\/h4>\n\t\t<span class=\"item-period\">2010\u20132016<\/span>\n\t\t<span class=\"item-small\"><\/span>\n\t\t\t\t<p>Teammitglied der Scala IDE, verantwortlich f\u00fcr die Refactoring-Komponente.<\/p>\n\t<\/div>\n\t\t<div class=\"timeline-item\">\n\t\t<h4 class=\"item-title\">Scala Refactoring Library<\/h4>\n\t\t<span class=\"item-period\">2009\u20132015<\/span>\n\t\t<span class=\"item-small\"><\/span>\n\t\t\t\t<p>Leitender Entwickler von Scala Refactoring, einer IDE-unabh\u00e4ngigen Scala-Bibliothek f\u00fcr Refactoring.<\/p>\n\t<\/div>\n\t\t<div class=\"timeline-item\">\n\t\t<h4 class=\"item-title\">Google Summer of Code Mentor<\/h4>\n\t\t<span class=\"item-period\">2013<\/span>\n\t\t<span class=\"item-small\"><\/span>\n\t\t\t\t<p>Mentor eines Studenten, der an Refactoring-Tools f\u00fcr Scala arbeitet.<\/p>\n\t<\/div>\n\t\t<div class=\"timeline-item\">\n\t\t<h4 class=\"item-title\">Software Engineering Radio Podcast<\/h4>\n\t\t<span class=\"item-period\">2008\u20132009<\/span>\n\t\t<span class=\"item-small\"><\/span>\n\t\t\t\t<p>Mitglied des Support-Teams des Software Engineering Radio Podcast.<\/p>\n\t<\/div>\n\t\t<div class=\"timeline-item\">\n\t\t<h4 class=\"item-title\">JRuby und Eclipse Ruby Development Tools<\/h4>\n\t\t<span class=\"item-period\">2007\u20132008<\/span>\n\t\t<span class=\"item-small\"><\/span>\n\t\t\t\t<p>Mitarbeit an der Eclipse Ruby IDE und JRuby Parser.<\/p>\n\t<\/div>\n\t\t<div class=\"timeline-item\">\n\t\t<h4 class=\"item-title\">Interface Refactoring Catalog<\/h4>\n\t\t<span class=\"item-period\">2021<\/span>\n\t\t<span class=\"item-small\"><\/span>\n\t\t\t\t<p><a href=\"https:\/\/interface-refactoring.github.io\/\">interface-refactoring.github.io<\/a><\/p>\n\t<\/div>\n\t<\/div>\n\t<\/div>\r\n<\/div>\r\n<\/div>\n\n<div class=\"row\">\n\t\r\n\r\n<div class=\" col-xs-12 col-sm-12 center\">\r\n    <div id=\"col_inner_id-69e73816672fb\" class=\"fw-col-inner\" data-paddings=\"0px 0px 0px 0px\">\r\n\t\t\n\t<div class=\"fw-divider-space\" style=\"padding-top: 30px;\"><\/div>\n\t<\/div>\r\n<\/div>\r\n<\/div>\n\n\t<\/div>\n<\/section>\n\n","protected":false},"excerpt":{"rendered":"<p>Erfahrung Professor f\u00fcr Software Engineering Seit 2021 OST Partner am Institut f\u00fcr Software, stellvertretender Studiengangleiter Informatik Dozent f\u00fcr Informatik 2020-2021 OST Advanced Patterns and Frameworks, Objektorientierte Programmierung, Cloud-L\u00f6sungen, Web Engineering und Design Mitbegr\u00fcnder und CTO 2018\u20132021 LegalFly GmbH Portal f\u00fcr Fluggastrechte Mitbegr\u00fcnder und CTO 2017\u2013Aktuell LegalGo GmbH LegalGo bietet eine Plattform f\u00fcr Privatpersonen und Unternehmen, [&hellip;]<\/p>\n","protected":false},"author":1,"featured_media":0,"parent":0,"menu_order":0,"comment_status":"closed","ping_status":"closed","template":"","meta":{"footnotes":""},"class_list":["post-804","page","type-page","status-publish","hentry"],"_links":{"self":[{"href":"https:\/\/misto.ch\/de\/wp-json\/wp\/v2\/pages\/804","targetHints":{"allow":["GET"]}}],"collection":[{"href":"https:\/\/misto.ch\/de\/wp-json\/wp\/v2\/pages"}],"about":[{"href":"https:\/\/misto.ch\/de\/wp-json\/wp\/v2\/types\/page"}],"author":[{"embeddable":true,"href":"https:\/\/misto.ch\/de\/wp-json\/wp\/v2\/users\/1"}],"replies":[{"embeddable":true,"href":"https:\/\/misto.ch\/de\/wp-json\/wp\/v2\/comments?post=804"}],"version-history":[{"count":15,"href":"https:\/\/misto.ch\/de\/wp-json\/wp\/v2\/pages\/804\/revisions"}],"predecessor-version":[{"id":890,"href":"https:\/\/misto.ch\/de\/wp-json\/wp\/v2\/pages\/804\/revisions\/890"}],"wp:attachment":[{"href":"https:\/\/misto.ch\/de\/wp-json\/wp\/v2\/media?parent=804"}],"curies":[{"name":"wp","href":"https:\/\/api.w.org\/{rel}","templated":true}]}}